

{"id":7822,"date":"2023-09-30T20:19:51","date_gmt":"2023-10-01T02:19:51","guid":{"rendered":"http:\/\/bandidostudio.com\/product\/dbh-02-pendant\/"},"modified":"2026-03-24T18:42:46","modified_gmt":"2026-03-25T00:42:46","slug":"dbh-02-pendant-lamp","status":"publish","type":"product","link":"https:\/\/bandidostudio.com\/en\/product\/dbh-02-pendant-lamp\/","title":{"rendered":"DBH 02 PENDANT"},"content":{"rendered":"<p>The <strong><a href=\"https:\/\/www.estliving.com\/product\/bandido-dbh-02-pendant\/\" target=\"_blank\" rel=\"noopener\">DBH 02 <\/a><\/strong>pendant lamp is composed of an onyx shade, and its light source is contained within a spherical diffuser made of opaline glass. A brass detail connects the cable with the mineral body of this luminaire. This ceiling lamp can be used individually or sculpturally configured within a canopy.<\/p>\n<p>Designed by <a><strong>Bandido<\/strong><\/a><\/p>\n","protected":false},"excerpt":{"rendered":"<p><a href=\"\/wp-content\/uploads\/Documentos\/Datasheets\/Datasheet_DBH%2002_Colgante.pdf\" target=\"_blank\" rel=\"noopener\">Technical specs. and dimensions <\/a><\/p>\n<p><a href=\"\/wp-content\/uploads\/Documentos\/Instructivos\/EN\/INSTRUCTIONS_DBH02_PENDANT.pdf\" target=\"_blank\" rel=\"noopener\">Installation instructions<\/a><\/p>\n<p><a href=\"https:\/\/bandidostudio.com\/en\/materials-and-maintenance\/\" rel=\"noopener\">Maintenance<\/a><\/p>\n<p><a href=\"https:\/\/bandidostudio.com\/en\/materials-and-maintenance\/\" rel=\"noopener\">Downloads<\/a><\/p>\n<p><img fetchpriority=\"high\" decoding=\"async\" class=\"alignnone wp-image-9126 size-full\" src=\"https:\/\/bandidostudio.com\/wp-content\/uploads\/2025\/11\/Lamparas-DBH02-Colgante-KabJuun-Alejandro-Ramirez-Orozco-Bandido.webp\" alt=\"\" width=\"1731\" height=\"360\" \/><\/p>\n","protected":false},"featured_media":31721,"comment_status":"open","ping_status":"closed","template":"","meta":{"_eb_attr":"","_joinchat":[]},"product_brand":[],"product_cat":[93],"product_tag":[111,105],"class_list":{"0":"post-7822","1":"product","2":"type-product","3":"status-publish","4":"has-post-thumbnail","6":"product_cat-02-lamparas-colgantes-en","7":"product_tag-brass","8":"product_tag-onyx","9":"pa_tiempo-de-entrega-available-from-may-2026","11":"first","12":"instock","13":"shipping-taxable","14":"purchasable","15":"product-type-simple"},"yoast_head":"<!-- This site is optimized with the Yoast SEO Premium plugin v25.0 (Yoast SEO v25.0) - https:\/\/yoast.com\/wordpress\/plugins\/seo\/ -->\n<title>L\u00e1mpara Colgante | DBH 02 | Bandido Studio<\/title>\n<meta name=\"description\" content=\"La l\u00e1mpara colgante DBH 02 dise\u00f1ada en M\u00e9xico por Bandido Studio, est\u00e1 compuesta por una pantalla de \u00f3nix y su fuente de luz est\u00e1 contenida por un difusor esf\u00e9rico de vidrio opalino.\" \/>\n<meta name=\"robots\" content=\"index, follow, max-snippet:-1, max-image-preview:large, max-video-preview:-1\" \/>\n<link rel=\"canonical\" href=\"https:\/\/bandidostudio.com\/en\/product\/dbh-02-pendant-lamp\/\" \/>\n<meta property=\"og:locale\" content=\"en_US\" \/>\n<meta property=\"og:type\" content=\"article\" \/>\n<meta property=\"og:title\" content=\"DBH 02 PENDANT\" \/>\n<meta property=\"og:description\" content=\"La l\u00e1mpara colgante DBH 02 dise\u00f1ada en M\u00e9xico por Bandido Studio, est\u00e1 compuesta por una pantalla de \u00f3nix y su fuente de luz est\u00e1 contenida por un difusor esf\u00e9rico de vidrio opalino.\" \/>\n<meta property=\"og:url\" content=\"https:\/\/bandidostudio.com\/en\/product\/dbh-02-pendant-lamp\/\" \/>\n<meta property=\"og:site_name\" content=\"Bandido\" \/>\n<meta property=\"article:publisher\" content=\"https:\/\/www.facebook.com\/bandidostudio\/\" \/>\n<meta property=\"article:modified_time\" content=\"2026-03-25T00:42:46+00:00\" \/>\n<meta property=\"og:image\" content=\"https:\/\/bandidostudio.com\/wp-content\/uploads\/2023\/09\/DBH-02-colgante-Bandido.webp\" \/>\n\t<meta property=\"og:image:width\" content=\"750\" \/>\n\t<meta property=\"og:image:height\" content=\"938\" \/>\n\t<meta property=\"og:image:type\" content=\"image\/webp\" \/>\n<meta name=\"twitter:card\" content=\"summary_large_image\" \/>\n<meta name=\"twitter:label1\" content=\"Price\" \/>\n\t<meta name=\"twitter:data1\" content=\"&#036;7,290.00\" \/>\n\t<meta name=\"twitter:label2\" content=\"Availability\" \/>\n\t<meta name=\"twitter:data2\" content=\"In stock\" \/>\n<script type=\"application\/ld+json\" class=\"yoast-schema-graph\">{\"@context\":\"https:\/\/schema.org\",\"@graph\":[{\"@type\":\"WebPage\",\"@id\":\"https:\/\/bandidostudio.com\/en\/product\/dbh-02-pendant-lamp\/\",\"url\":\"https:\/\/bandidostudio.com\/en\/product\/dbh-02-pendant-lamp\/\",\"name\":\"L\u00e1mpara Colgante | DBH 02 | Bandido Studio\",\"isPartOf\":{\"@id\":\"https:\/\/bandidostudio.com\/en\/#website\"},\"primaryImageOfPage\":{\"@id\":\"https:\/\/bandidostudio.com\/en\/product\/dbh-02-pendant-lamp\/#primaryimage\"},\"image\":{\"@id\":\"https:\/\/bandidostudio.com\/en\/product\/dbh-02-pendant-lamp\/#primaryimage\"},\"thumbnailUrl\":\"https:\/\/bandidostudio.com\/wp-content\/uploads\/2023\/09\/DBH-02-colgante-Bandido.webp\",\"datePublished\":\"2023-10-01T02:19:51+00:00\",\"dateModified\":\"2026-03-25T00:42:46+00:00\",\"description\":\"La l\u00e1mpara colgante DBH 02 dise\u00f1ada en M\u00e9xico por Bandido Studio, est\u00e1 compuesta por una pantalla de \u00f3nix y su fuente de luz est\u00e1 contenida por un difusor esf\u00e9rico de vidrio opalino.\",\"breadcrumb\":{\"@id\":\"https:\/\/bandidostudio.com\/en\/product\/dbh-02-pendant-lamp\/#breadcrumb\"},\"inLanguage\":\"en-US\",\"potentialAction\":[{\"@type\":\"ReadAction\",\"target\":[\"https:\/\/bandidostudio.com\/en\/product\/dbh-02-pendant-lamp\/\"]}]},{\"@type\":\"ImageObject\",\"inLanguage\":\"en-US\",\"@id\":\"https:\/\/bandidostudio.com\/en\/product\/dbh-02-pendant-lamp\/#primaryimage\",\"url\":\"https:\/\/bandidostudio.com\/wp-content\/uploads\/2023\/09\/DBH-02-colgante-Bandido.webp\",\"contentUrl\":\"https:\/\/bandidostudio.com\/wp-content\/uploads\/2023\/09\/DBH-02-colgante-Bandido.webp\",\"width\":750,\"height\":938,\"caption\":\"DBH 02 pendant lamp made of onyx and brass detail with glass diffuser designed by Bandido Studio.\"},{\"@type\":\"BreadcrumbList\",\"@id\":\"https:\/\/bandidostudio.com\/en\/product\/dbh-02-pendant-lamp\/#breadcrumb\",\"itemListElement\":[{\"@type\":\"ListItem\",\"position\":1,\"name\":\"Inicio\",\"item\":\"\/\"},{\"@type\":\"ListItem\",\"position\":2,\"name\":\"Shop\",\"item\":\"\/shop\/\"},{\"@type\":\"ListItem\",\"position\":3,\"name\":\"DBH 02 PENDANT\"}]},{\"@type\":\"WebSite\",\"@id\":\"https:\/\/bandidostudio.com\/en\/#website\",\"url\":\"https:\/\/bandidostudio.com\/en\/\",\"name\":\"Bandido\",\"description\":\"Tienda online de l\u00e1mparas - Luminarias en M\u00e9xico\",\"publisher\":{\"@id\":\"https:\/\/bandidostudio.com\/en\/#organization\"},\"potentialAction\":[{\"@type\":\"SearchAction\",\"target\":{\"@type\":\"EntryPoint\",\"urlTemplate\":\"https:\/\/bandidostudio.com\/en\/?s={search_term_string}\"},\"query-input\":{\"@type\":\"PropertyValueSpecification\",\"valueRequired\":true,\"valueName\":\"search_term_string\"}}],\"inLanguage\":\"en-US\"},{\"@type\":\"Organization\",\"@id\":\"https:\/\/bandidostudio.com\/en\/#organization\",\"name\":\"Bandido Studio\",\"url\":\"https:\/\/bandidostudio.com\/en\/\",\"logo\":{\"@type\":\"ImageObject\",\"inLanguage\":\"en-US\",\"@id\":\"https:\/\/bandidostudio.com\/en\/#\/schema\/logo\/image\/\",\"url\":\"https:\/\/bandidostudio.com\/wp-content\/uploads\/2020\/12\/Logotipo-Bandido-05.png\",\"contentUrl\":\"https:\/\/bandidostudio.com\/wp-content\/uploads\/2020\/12\/Logotipo-Bandido-05.png\",\"width\":1000,\"height\":200,\"caption\":\"Bandido Studio\"},\"image\":{\"@id\":\"https:\/\/bandidostudio.com\/en\/#\/schema\/logo\/image\/\"},\"sameAs\":[\"https:\/\/www.facebook.com\/bandidostudio\/\"]}]}<\/script>\n<meta property=\"product:price:amount\" content=\"7290.00\" \/>\n<meta property=\"product:price:currency\" content=\"MXN\" \/>\n<meta property=\"og:availability\" content=\"instock\" \/>\n<meta property=\"product:availability\" content=\"instock\" \/>\n<meta property=\"product:retailer_item_id\" content=\"LC15\" \/>\n<meta property=\"product:condition\" content=\"new\" \/>\n<!-- \/ Yoast SEO Premium plugin. -->","yoast_head_json":{"title":"L\u00e1mpara Colgante | DBH 02 | Bandido Studio","description":"La l\u00e1mpara colgante DBH 02 dise\u00f1ada en M\u00e9xico por Bandido Studio, est\u00e1 compuesta por una pantalla de \u00f3nix y su fuente de luz est\u00e1 contenida por un difusor esf\u00e9rico de vidrio opalino.","robots":{"index":"index","follow":"follow","max-snippet":"max-snippet:-1","max-image-preview":"max-image-preview:large","max-video-preview":"max-video-preview:-1"},"canonical":"https:\/\/bandidostudio.com\/en\/product\/dbh-02-pendant-lamp\/","og_locale":"en_US","og_type":"article","og_title":"DBH 02 PENDANT","og_description":"La l\u00e1mpara colgante DBH 02 dise\u00f1ada en M\u00e9xico por Bandido Studio, est\u00e1 compuesta por una pantalla de \u00f3nix y su fuente de luz est\u00e1 contenida por un difusor esf\u00e9rico de vidrio opalino.","og_url":"https:\/\/bandidostudio.com\/en\/product\/dbh-02-pendant-lamp\/","og_site_name":"Bandido","article_publisher":"https:\/\/www.facebook.com\/bandidostudio\/","article_modified_time":"2026-03-25T00:42:46+00:00","og_image":[{"width":750,"height":938,"url":"https:\/\/bandidostudio.com\/wp-content\/uploads\/2023\/09\/DBH-02-colgante-Bandido.webp","type":"image\/webp"}],"twitter_card":"summary_large_image","twitter_misc":{"Price":"&#36;7,290.00","Availability":"In stock"},"schema":{"@context":"https:\/\/schema.org","@graph":[{"@type":"WebPage","@id":"https:\/\/bandidostudio.com\/en\/product\/dbh-02-pendant-lamp\/","url":"https:\/\/bandidostudio.com\/en\/product\/dbh-02-pendant-lamp\/","name":"L\u00e1mpara Colgante | DBH 02 | Bandido Studio","isPartOf":{"@id":"https:\/\/bandidostudio.com\/en\/#website"},"primaryImageOfPage":{"@id":"https:\/\/bandidostudio.com\/en\/product\/dbh-02-pendant-lamp\/#primaryimage"},"image":{"@id":"https:\/\/bandidostudio.com\/en\/product\/dbh-02-pendant-lamp\/#primaryimage"},"thumbnailUrl":"https:\/\/bandidostudio.com\/wp-content\/uploads\/2023\/09\/DBH-02-colgante-Bandido.webp","datePublished":"2023-10-01T02:19:51+00:00","dateModified":"2026-03-25T00:42:46+00:00","description":"La l\u00e1mpara colgante DBH 02 dise\u00f1ada en M\u00e9xico por Bandido Studio, est\u00e1 compuesta por una pantalla de \u00f3nix y su fuente de luz est\u00e1 contenida por un difusor esf\u00e9rico de vidrio opalino.","breadcrumb":{"@id":"https:\/\/bandidostudio.com\/en\/product\/dbh-02-pendant-lamp\/#breadcrumb"},"inLanguage":"en-US","potentialAction":[{"@type":"ReadAction","target":["https:\/\/bandidostudio.com\/en\/product\/dbh-02-pendant-lamp\/"]}]},{"@type":"ImageObject","inLanguage":"en-US","@id":"https:\/\/bandidostudio.com\/en\/product\/dbh-02-pendant-lamp\/#primaryimage","url":"https:\/\/bandidostudio.com\/wp-content\/uploads\/2023\/09\/DBH-02-colgante-Bandido.webp","contentUrl":"https:\/\/bandidostudio.com\/wp-content\/uploads\/2023\/09\/DBH-02-colgante-Bandido.webp","width":750,"height":938,"caption":"DBH 02 pendant lamp made of onyx and brass detail with glass diffuser designed by Bandido Studio."},{"@type":"BreadcrumbList","@id":"https:\/\/bandidostudio.com\/en\/product\/dbh-02-pendant-lamp\/#breadcrumb","itemListElement":[{"@type":"ListItem","position":1,"name":"Inicio","item":"\/"},{"@type":"ListItem","position":2,"name":"Shop","item":"\/shop\/"},{"@type":"ListItem","position":3,"name":"DBH 02 PENDANT"}]},{"@type":"WebSite","@id":"https:\/\/bandidostudio.com\/en\/#website","url":"https:\/\/bandidostudio.com\/en\/","name":"Bandido","description":"Tienda online de l\u00e1mparas - Luminarias en M\u00e9xico","publisher":{"@id":"https:\/\/bandidostudio.com\/en\/#organization"},"potentialAction":[{"@type":"SearchAction","target":{"@type":"EntryPoint","urlTemplate":"https:\/\/bandidostudio.com\/en\/?s={search_term_string}"},"query-input":{"@type":"PropertyValueSpecification","valueRequired":true,"valueName":"search_term_string"}}],"inLanguage":"en-US"},{"@type":"Organization","@id":"https:\/\/bandidostudio.com\/en\/#organization","name":"Bandido Studio","url":"https:\/\/bandidostudio.com\/en\/","logo":{"@type":"ImageObject","inLanguage":"en-US","@id":"https:\/\/bandidostudio.com\/en\/#\/schema\/logo\/image\/","url":"https:\/\/bandidostudio.com\/wp-content\/uploads\/2020\/12\/Logotipo-Bandido-05.png","contentUrl":"https:\/\/bandidostudio.com\/wp-content\/uploads\/2020\/12\/Logotipo-Bandido-05.png","width":1000,"height":200,"caption":"Bandido Studio"},"image":{"@id":"https:\/\/bandidostudio.com\/en\/#\/schema\/logo\/image\/"},"sameAs":["https:\/\/www.facebook.com\/bandidostudio\/"]}]},"product_price_amount":"7290.00","product_price_currency":"MXN","og_availability":"instock","product_availability":"instock","product_retailer_item_id":"LC15","product_condition":"new"},"_links":{"self":[{"href":"https:\/\/bandidostudio.com\/en\/wp-json\/wp\/v2\/product\/7822","targetHints":{"allow":["GET"]}}],"collection":[{"href":"https:\/\/bandidostudio.com\/en\/wp-json\/wp\/v2\/product"}],"about":[{"href":"https:\/\/bandidostudio.com\/en\/wp-json\/wp\/v2\/types\/product"}],"replies":[{"embeddable":true,"href":"https:\/\/bandidostudio.com\/en\/wp-json\/wp\/v2\/comments?post=7822"}],"wp:featuredmedia":[{"embeddable":true,"href":"https:\/\/bandidostudio.com\/en\/wp-json\/wp\/v2\/media\/31721"}],"wp:attachment":[{"href":"https:\/\/bandidostudio.com\/en\/wp-json\/wp\/v2\/media?parent=7822"}],"wp:term":[{"taxonomy":"product_brand","embeddable":true,"href":"https:\/\/bandidostudio.com\/en\/wp-json\/wp\/v2\/product_brand?post=7822"},{"taxonomy":"product_cat","embeddable":true,"href":"https:\/\/bandidostudio.com\/en\/wp-json\/wp\/v2\/product_cat?post=7822"},{"taxonomy":"product_tag","embeddable":true,"href":"https:\/\/bandidostudio.com\/en\/wp-json\/wp\/v2\/product_tag?post=7822"}],"curies":[{"name":"wp","href":"https:\/\/api.w.org\/{rel}","templated":true}]}}