

{"id":37364,"date":"2026-04-19T22:49:41","date_gmt":"2026-04-20T04:49:41","guid":{"rendered":"https:\/\/bandidostudio.com\/?post_type=product&#038;p=37364"},"modified":"2026-04-20T12:33:47","modified_gmt":"2026-04-20T18:33:47","slug":"dbh-02-beige-maya-marble-sconce-lamp-i","status":"publish","type":"product","link":"https:\/\/bandidostudio.com\/en\/product\/dbh-02-beige-maya-marble-sconce-lamp-i\/","title":{"rendered":"DBH 02 I MARBLE BEIGE MAYA SCONCE"},"content":{"rendered":"<p>The <strong><a href=\"https:\/\/www.estliving.com\/product\/bandido-dbh-02-i\/\" target=\"_blank\" rel=\"noopener\">DBH 02<\/a><\/strong> I wall sconce is composed of an marble body that is fixed to the wall, containing one spherical diffuser that transmits the light. The warm glow emitted by the sphere is reflected by an internal brass screen located between the materials.<\/p>\n<p>Designed by <a href=\"https:\/\/bandidostudio.com\/en\"><strong>Bandido<\/strong><\/a><\/p>\n","protected":false},"excerpt":{"rendered":"<p><a href=\"\/wp-content\/uploads\/Documentos\/Datasheets\/Datasheet_DBH%2002_Arbotante_I.pdf\" target=\"_blank\" rel=\"noopener\">Technical specs. and dimensions <\/a><\/p>\n<p><a href=\"\/wp-content\/uploads\/Documentos\/Instructivos\/ES\/INSTRUCTIVO_DBH02_I_ARBOTANTE.pdf\" target=\"_blank\" rel=\"noopener\">Installation instructions<\/a><\/p>\n<p><a href=\"https:\/\/bandidostudio.com\/en\/materials-and-maintenance\/\" rel=\"noopener\">Maintenance<\/a><\/p>\n<p><a href=\"https:\/\/bandidostudio.com\/en\/downloads\/\" rel=\"noopener\">Downloads<\/a><\/p>\n<p><img fetchpriority=\"high\" decoding=\"async\" class=\"alignnone wp-image-9126 size-full\" src=\"https:\/\/bandidostudio.com\/wp-content\/uploads\/2026\/04\/DBH02-Marmol-Onix-lamparas-Bandido-Amy-Bello-13-copia.webp\" alt=\"Luminaria dbh02-1 de \u00f3nix con difusor de cristal\" width=\"1731\" height=\"360\" \/><\/p>\n","protected":false},"featured_media":37469,"comment_status":"open","ping_status":"closed","template":"","meta":{"_eb_attr":"","_joinchat":[]},"product_brand":[],"product_cat":[99],"product_tag":[111],"class_list":{"0":"post-37364","1":"product","2":"type-product","3":"status-publish","4":"has-post-thumbnail","6":"product_cat-03-flying-buttress-lamps","7":"product_tag-brass","8":"pa_tiempo-de-entrega-5-8-business-days","10":"first","11":"instock","12":"shipping-taxable","13":"purchasable","14":"product-type-simple"},"yoast_head":"<!-- This site is optimized with the Yoast SEO Premium plugin v25.0 (Yoast SEO v25.0) - https:\/\/yoast.com\/wordpress\/plugins\/seo\/ -->\n<title>Sconce Lamp | DBH 02 I | Bandido Studio<\/title>\n<meta name=\"description\" content=\"The DBH 02 I wall sconce is composed of an marble body that is fixed to the wall, containing one spherical diffuser that transmits the light\" \/>\n<meta name=\"robots\" content=\"index, follow, max-snippet:-1, max-image-preview:large, max-video-preview:-1\" \/>\n<link rel=\"canonical\" href=\"https:\/\/bandidostudio.com\/en\/product\/dbh-02-beige-maya-marble-sconce-lamp-i\/\" \/>\n<meta property=\"og:locale\" content=\"en_US\" \/>\n<meta property=\"og:type\" content=\"article\" \/>\n<meta property=\"og:title\" content=\"DBH 02 I MARBLE BEIGE MAYA SCONCE\" \/>\n<meta property=\"og:description\" content=\"The DBH 02 I wall sconce is composed of an marble body that is fixed to the wall, containing one spherical diffuser that transmits the light\" \/>\n<meta property=\"og:url\" content=\"https:\/\/bandidostudio.com\/en\/product\/dbh-02-beige-maya-marble-sconce-lamp-i\/\" \/>\n<meta property=\"og:site_name\" content=\"Bandido\" \/>\n<meta property=\"article:publisher\" content=\"https:\/\/www.facebook.com\/bandidostudio\/\" \/>\n<meta property=\"article:modified_time\" content=\"2026-04-20T18:33:47+00:00\" \/>\n<meta property=\"og:image\" content=\"https:\/\/bandidostudio.com\/wp-content\/uploads\/2026\/04\/DBH-02-lampara-arbotante-marmol-beige-productos-Bandido-1-1.webp\" \/>\n\t<meta property=\"og:image:width\" content=\"1600\" \/>\n\t<meta property=\"og:image:height\" content=\"2000\" \/>\n\t<meta property=\"og:image:type\" content=\"image\/webp\" \/>\n<meta name=\"twitter:card\" content=\"summary_large_image\" \/>\n<meta name=\"twitter:label1\" content=\"Price\" \/>\n\t<meta name=\"twitter:data1\" content=\"&#036;6,990.00\" \/>\n\t<meta name=\"twitter:label2\" content=\"Availability\" \/>\n\t<meta name=\"twitter:data2\" content=\"In stock\" \/>\n<script type=\"application\/ld+json\" class=\"yoast-schema-graph\">{\"@context\":\"https:\/\/schema.org\",\"@graph\":[{\"@type\":\"WebPage\",\"@id\":\"https:\/\/bandidostudio.com\/en\/product\/dbh-02-beige-maya-marble-sconce-lamp-i\/\",\"url\":\"https:\/\/bandidostudio.com\/en\/product\/dbh-02-beige-maya-marble-sconce-lamp-i\/\",\"name\":\"Sconce Lamp | DBH 02 I | Bandido Studio\",\"isPartOf\":{\"@id\":\"https:\/\/bandidostudio.com\/en\/#website\"},\"primaryImageOfPage\":{\"@id\":\"https:\/\/bandidostudio.com\/en\/product\/dbh-02-beige-maya-marble-sconce-lamp-i\/#primaryimage\"},\"image\":{\"@id\":\"https:\/\/bandidostudio.com\/en\/product\/dbh-02-beige-maya-marble-sconce-lamp-i\/#primaryimage\"},\"thumbnailUrl\":\"https:\/\/bandidostudio.com\/wp-content\/uploads\/2026\/04\/DBH-02-lampara-arbotante-marmol-beige-productos-Bandido-1-1.webp\",\"datePublished\":\"2026-04-20T04:49:41+00:00\",\"dateModified\":\"2026-04-20T18:33:47+00:00\",\"description\":\"The DBH 02 I wall sconce is composed of an marble body that is fixed to the wall, containing one spherical diffuser that transmits the light\",\"breadcrumb\":{\"@id\":\"https:\/\/bandidostudio.com\/en\/product\/dbh-02-beige-maya-marble-sconce-lamp-i\/#breadcrumb\"},\"inLanguage\":\"en-US\",\"potentialAction\":[{\"@type\":\"ReadAction\",\"target\":[\"https:\/\/bandidostudio.com\/en\/product\/dbh-02-beige-maya-marble-sconce-lamp-i\/\"]}]},{\"@type\":\"ImageObject\",\"inLanguage\":\"en-US\",\"@id\":\"https:\/\/bandidostudio.com\/en\/product\/dbh-02-beige-maya-marble-sconce-lamp-i\/#primaryimage\",\"url\":\"https:\/\/bandidostudio.com\/wp-content\/uploads\/2026\/04\/DBH-02-lampara-arbotante-marmol-beige-productos-Bandido-1-1.webp\",\"contentUrl\":\"https:\/\/bandidostudio.com\/wp-content\/uploads\/2026\/04\/DBH-02-lampara-arbotante-marmol-beige-productos-Bandido-1-1.webp\",\"width\":1600,\"height\":2000,\"caption\":\"L\u00e1mpara de pared DBH 02 I hecha de m\u00e1rmol y lat\u00f3n con difusor de vidrio dise\u00f1ada por Bandido Studio.\"},{\"@type\":\"BreadcrumbList\",\"@id\":\"https:\/\/bandidostudio.com\/en\/product\/dbh-02-beige-maya-marble-sconce-lamp-i\/#breadcrumb\",\"itemListElement\":[{\"@type\":\"ListItem\",\"position\":1,\"name\":\"Inicio\",\"item\":\"https:\/\/bandidostudio.com\/en\/\"},{\"@type\":\"ListItem\",\"position\":2,\"name\":\"Shop\",\"item\":\"\/shop\/\"},{\"@type\":\"ListItem\",\"position\":3,\"name\":\"DBH 02 I MARBLE BEIGE MAYA SCONCE\"}]},{\"@type\":\"WebSite\",\"@id\":\"https:\/\/bandidostudio.com\/en\/#website\",\"url\":\"https:\/\/bandidostudio.com\/en\/\",\"name\":\"Bandido\",\"description\":\"Tienda online de l\u00e1mparas - Luminarias en M\u00e9xico\",\"publisher\":{\"@id\":\"https:\/\/bandidostudio.com\/en\/#organization\"},\"potentialAction\":[{\"@type\":\"SearchAction\",\"target\":{\"@type\":\"EntryPoint\",\"urlTemplate\":\"https:\/\/bandidostudio.com\/en\/?s={search_term_string}\"},\"query-input\":{\"@type\":\"PropertyValueSpecification\",\"valueRequired\":true,\"valueName\":\"search_term_string\"}}],\"inLanguage\":\"en-US\"},{\"@type\":\"Organization\",\"@id\":\"https:\/\/bandidostudio.com\/en\/#organization\",\"name\":\"Bandido Studio\",\"url\":\"https:\/\/bandidostudio.com\/en\/\",\"logo\":{\"@type\":\"ImageObject\",\"inLanguage\":\"en-US\",\"@id\":\"https:\/\/bandidostudio.com\/en\/#\/schema\/logo\/image\/\",\"url\":\"https:\/\/bandidostudio.com\/wp-content\/uploads\/2020\/12\/Logotipo-Bandido-05.png\",\"contentUrl\":\"https:\/\/bandidostudio.com\/wp-content\/uploads\/2020\/12\/Logotipo-Bandido-05.png\",\"width\":1000,\"height\":200,\"caption\":\"Bandido Studio\"},\"image\":{\"@id\":\"https:\/\/bandidostudio.com\/en\/#\/schema\/logo\/image\/\"},\"sameAs\":[\"https:\/\/www.facebook.com\/bandidostudio\/\"]}]}<\/script>\n<meta property=\"product:price:amount\" content=\"6990.00\" \/>\n<meta property=\"product:price:currency\" content=\"MXN\" \/>\n<meta property=\"og:availability\" content=\"instock\" \/>\n<meta property=\"product:availability\" content=\"instock\" \/>\n<meta property=\"product:retailer_item_id\" content=\"LS29\" \/>\n<meta property=\"product:condition\" content=\"new\" \/>\n<!-- \/ Yoast SEO Premium plugin. -->","yoast_head_json":{"title":"Sconce Lamp | DBH 02 I | Bandido Studio","description":"The DBH 02 I wall sconce is composed of an marble body that is fixed to the wall, containing one spherical diffuser that transmits the light","robots":{"index":"index","follow":"follow","max-snippet":"max-snippet:-1","max-image-preview":"max-image-preview:large","max-video-preview":"max-video-preview:-1"},"canonical":"https:\/\/bandidostudio.com\/en\/product\/dbh-02-beige-maya-marble-sconce-lamp-i\/","og_locale":"en_US","og_type":"article","og_title":"DBH 02 I MARBLE BEIGE MAYA SCONCE","og_description":"The DBH 02 I wall sconce is composed of an marble body that is fixed to the wall, containing one spherical diffuser that transmits the light","og_url":"https:\/\/bandidostudio.com\/en\/product\/dbh-02-beige-maya-marble-sconce-lamp-i\/","og_site_name":"Bandido","article_publisher":"https:\/\/www.facebook.com\/bandidostudio\/","article_modified_time":"2026-04-20T18:33:47+00:00","og_image":[{"width":1600,"height":2000,"url":"https:\/\/bandidostudio.com\/wp-content\/uploads\/2026\/04\/DBH-02-lampara-arbotante-marmol-beige-productos-Bandido-1-1.webp","type":"image\/webp"}],"twitter_card":"summary_large_image","twitter_misc":{"Price":"&#36;6,990.00","Availability":"In stock"},"schema":{"@context":"https:\/\/schema.org","@graph":[{"@type":"WebPage","@id":"https:\/\/bandidostudio.com\/en\/product\/dbh-02-beige-maya-marble-sconce-lamp-i\/","url":"https:\/\/bandidostudio.com\/en\/product\/dbh-02-beige-maya-marble-sconce-lamp-i\/","name":"Sconce Lamp | DBH 02 I | Bandido Studio","isPartOf":{"@id":"https:\/\/bandidostudio.com\/en\/#website"},"primaryImageOfPage":{"@id":"https:\/\/bandidostudio.com\/en\/product\/dbh-02-beige-maya-marble-sconce-lamp-i\/#primaryimage"},"image":{"@id":"https:\/\/bandidostudio.com\/en\/product\/dbh-02-beige-maya-marble-sconce-lamp-i\/#primaryimage"},"thumbnailUrl":"https:\/\/bandidostudio.com\/wp-content\/uploads\/2026\/04\/DBH-02-lampara-arbotante-marmol-beige-productos-Bandido-1-1.webp","datePublished":"2026-04-20T04:49:41+00:00","dateModified":"2026-04-20T18:33:47+00:00","description":"The DBH 02 I wall sconce is composed of an marble body that is fixed to the wall, containing one spherical diffuser that transmits the light","breadcrumb":{"@id":"https:\/\/bandidostudio.com\/en\/product\/dbh-02-beige-maya-marble-sconce-lamp-i\/#breadcrumb"},"inLanguage":"en-US","potentialAction":[{"@type":"ReadAction","target":["https:\/\/bandidostudio.com\/en\/product\/dbh-02-beige-maya-marble-sconce-lamp-i\/"]}]},{"@type":"ImageObject","inLanguage":"en-US","@id":"https:\/\/bandidostudio.com\/en\/product\/dbh-02-beige-maya-marble-sconce-lamp-i\/#primaryimage","url":"https:\/\/bandidostudio.com\/wp-content\/uploads\/2026\/04\/DBH-02-lampara-arbotante-marmol-beige-productos-Bandido-1-1.webp","contentUrl":"https:\/\/bandidostudio.com\/wp-content\/uploads\/2026\/04\/DBH-02-lampara-arbotante-marmol-beige-productos-Bandido-1-1.webp","width":1600,"height":2000,"caption":"L\u00e1mpara de pared DBH 02 I hecha de m\u00e1rmol y lat\u00f3n con difusor de vidrio dise\u00f1ada por Bandido Studio."},{"@type":"BreadcrumbList","@id":"https:\/\/bandidostudio.com\/en\/product\/dbh-02-beige-maya-marble-sconce-lamp-i\/#breadcrumb","itemListElement":[{"@type":"ListItem","position":1,"name":"Inicio","item":"https:\/\/bandidostudio.com\/en\/"},{"@type":"ListItem","position":2,"name":"Shop","item":"\/shop\/"},{"@type":"ListItem","position":3,"name":"DBH 02 I MARBLE BEIGE MAYA SCONCE"}]},{"@type":"WebSite","@id":"https:\/\/bandidostudio.com\/en\/#website","url":"https:\/\/bandidostudio.com\/en\/","name":"Bandido","description":"Tienda online de l\u00e1mparas - Luminarias en M\u00e9xico","publisher":{"@id":"https:\/\/bandidostudio.com\/en\/#organization"},"potentialAction":[{"@type":"SearchAction","target":{"@type":"EntryPoint","urlTemplate":"https:\/\/bandidostudio.com\/en\/?s={search_term_string}"},"query-input":{"@type":"PropertyValueSpecification","valueRequired":true,"valueName":"search_term_string"}}],"inLanguage":"en-US"},{"@type":"Organization","@id":"https:\/\/bandidostudio.com\/en\/#organization","name":"Bandido Studio","url":"https:\/\/bandidostudio.com\/en\/","logo":{"@type":"ImageObject","inLanguage":"en-US","@id":"https:\/\/bandidostudio.com\/en\/#\/schema\/logo\/image\/","url":"https:\/\/bandidostudio.com\/wp-content\/uploads\/2020\/12\/Logotipo-Bandido-05.png","contentUrl":"https:\/\/bandidostudio.com\/wp-content\/uploads\/2020\/12\/Logotipo-Bandido-05.png","width":1000,"height":200,"caption":"Bandido Studio"},"image":{"@id":"https:\/\/bandidostudio.com\/en\/#\/schema\/logo\/image\/"},"sameAs":["https:\/\/www.facebook.com\/bandidostudio\/"]}]},"product_price_amount":"6990.00","product_price_currency":"MXN","og_availability":"instock","product_availability":"instock","product_retailer_item_id":"LS29","product_condition":"new"},"_links":{"self":[{"href":"https:\/\/bandidostudio.com\/en\/wp-json\/wp\/v2\/product\/37364","targetHints":{"allow":["GET"]}}],"collection":[{"href":"https:\/\/bandidostudio.com\/en\/wp-json\/wp\/v2\/product"}],"about":[{"href":"https:\/\/bandidostudio.com\/en\/wp-json\/wp\/v2\/types\/product"}],"replies":[{"embeddable":true,"href":"https:\/\/bandidostudio.com\/en\/wp-json\/wp\/v2\/comments?post=37364"}],"wp:featuredmedia":[{"embeddable":true,"href":"https:\/\/bandidostudio.com\/en\/wp-json\/wp\/v2\/media\/37469"}],"wp:attachment":[{"href":"https:\/\/bandidostudio.com\/en\/wp-json\/wp\/v2\/media?parent=37364"}],"wp:term":[{"taxonomy":"product_brand","embeddable":true,"href":"https:\/\/bandidostudio.com\/en\/wp-json\/wp\/v2\/product_brand?post=37364"},{"taxonomy":"product_cat","embeddable":true,"href":"https:\/\/bandidostudio.com\/en\/wp-json\/wp\/v2\/product_cat?post=37364"},{"taxonomy":"product_tag","embeddable":true,"href":"https:\/\/bandidostudio.com\/en\/wp-json\/wp\/v2\/product_tag?post=37364"}],"curies":[{"name":"wp","href":"https:\/\/api.w.org\/{rel}","templated":true}]}}