

{"id":37113,"date":"2023-10-02T10:50:03","date_gmt":"2023-10-02T16:50:03","guid":{"rendered":"https:\/\/bandidostudio.com\/product\/buna-pendant-x-andres-gutierrez\/"},"modified":"2026-03-24T18:32:52","modified_gmt":"2026-03-25T00:32:52","slug":"buna-pendant-x-andres-gutierrez","status":"publish","type":"product","link":"https:\/\/bandidostudio.com\/en\/product\/buna-pendant-x-andres-gutierrez\/","title":{"rendered":"BUNA COLGANTE X ANDR\u00c9S GUTI\u00c9RREZ"},"content":{"rendered":"<p><span style=\"font-weight: 400;\"><strong>BUNA x A-G<\/strong> es el resultado de una colaboraci\u00f3n especial entre Bandido y Andr\u00e9s Guti\u00e9rrez. El dise\u00f1o conserva la curvatura sutil de la forma de la BUNA en una campana met\u00e1lica inspirada en la forma del hongo Buna Shimeji, reinterpretada con la esencia creativa de Andr\u00e9s la cu\u00e1l se manifiesta en cada detalle.<\/span><\/p>\n<p>Producto dise\u00f1ado por <strong><a href=\"https:\/\/bandidostudio.com\/en\/\">Bandido<\/a><\/strong> en colaboraci\u00f3n con <strong>Andr\u00e9s Guti\u00e9rrez<\/strong><\/p>\n<p>&nbsp;<\/p>\n","protected":false},"excerpt":{"rendered":"<p><a href=\"https:\/\/bandidostudio.com\/wp-content\/uploads\/2024\/10\/BOOK-BUNA-x-A-G-1.pdf\" target=\"_blank\" rel=\"noopener\">Especificaciones y dimensiones<\/a><\/p>\n<p><a href=\"\/wp-content\/uploads\/Documentos\/Instructivos\/EN\/INSTRUCTIONS_BUNA_X_AG_PENDANT.pdf\" target=\"_blank\" rel=\"noopener\">Instructivo de instalaci\u00f3n<\/a><\/p>\n<p><a href=\"https:\/\/bandidostudio.com\/en\/materials-and-maintenance\/\" rel=\"noopener\">Mantenimiento<\/a><\/p>\n<p><a href=\"https:\/\/bandidostudio.com\/en\/downloads\/\" rel=\"noopener\">Descargables<\/a><br \/>\n<img fetchpriority=\"high\" decoding=\"async\" class=\"alignnone wp-image-9126 size-full\" src=\"http:\/\/bandidostudio.com\/wp-content\/uploads\/2025\/05\/BUNAxAG-Originario-Bandido-Studio-8.webp\" alt=\"Luminaria BUNA color arena dise\u00f1ada por Bandido\" width=\"1731\" height=\"360\" \/><\/p>\n","protected":false},"featured_media":37111,"comment_status":"open","ping_status":"closed","template":"","meta":{"_eb_attr":"","_joinchat":[]},"product_brand":[],"product_cat":[93],"product_tag":[],"class_list":{"0":"post-37113","1":"product","2":"type-product","3":"status-publish","4":"has-post-thumbnail","6":"product_cat-02-lamparas-colgantes-en","7":"pa_tiempo-de-entrega-5-8-business-days","9":"first","10":"instock","11":"shipping-taxable","12":"purchasable","13":"product-type-simple"},"yoast_head":"<!-- This site is optimized with the Yoast SEO Premium plugin v25.0 (Yoast SEO v25.0) - https:\/\/yoast.com\/wordpress\/plugins\/seo\/ -->\n<title>L\u00e1mpara Colgante | Buna x AG | Bandido Studio<\/title>\n<meta name=\"description\" content=\"BUNA x AG es el resultado de una colaboraci\u00f3n especial entre Bandido y Andr\u00e9s Guti\u00e9rrez.\" \/>\n<meta name=\"robots\" content=\"index, follow, max-snippet:-1, max-image-preview:large, max-video-preview:-1\" \/>\n<link rel=\"canonical\" href=\"https:\/\/bandidostudio.com\/en\/product\/buna-pendant-x-andres-gutierrez\/\" \/>\n<meta property=\"og:locale\" content=\"en_US\" \/>\n<meta property=\"og:type\" content=\"article\" \/>\n<meta property=\"og:title\" content=\"BUNA COLGANTE X ANDR\u00c9S GUTI\u00c9RREZ\" \/>\n<meta property=\"og:description\" content=\"BUNA x AG es el resultado de una colaboraci\u00f3n especial entre Bandido y Andr\u00e9s Guti\u00e9rrez.\" \/>\n<meta property=\"og:url\" content=\"https:\/\/bandidostudio.com\/en\/product\/buna-pendant-x-andres-gutierrez\/\" \/>\n<meta property=\"og:site_name\" content=\"Bandido\" \/>\n<meta property=\"article:publisher\" content=\"https:\/\/www.facebook.com\/bandidostudio\/\" \/>\n<meta property=\"article:modified_time\" content=\"2026-03-25T00:32:52+00:00\" \/>\n<meta property=\"og:image\" content=\"https:\/\/bandidostudio.com\/wp-content\/uploads\/2025\/05\/BUNA-A-G-lampara-colgante-acero-cepillado-productos-Bandido-1-copy.webp\" \/>\n\t<meta property=\"og:image:width\" content=\"1600\" \/>\n\t<meta property=\"og:image:height\" content=\"2000\" \/>\n\t<meta property=\"og:image:type\" content=\"image\/webp\" \/>\n<meta name=\"twitter:card\" content=\"summary_large_image\" \/>\n<meta name=\"twitter:label1\" content=\"Price\" \/>\n\t<meta name=\"twitter:data1\" content=\"&#036;14,990.00\" \/>\n\t<meta name=\"twitter:label2\" content=\"Availability\" \/>\n\t<meta name=\"twitter:data2\" content=\"In stock\" \/>\n<script type=\"application\/ld+json\" class=\"yoast-schema-graph\">{\"@context\":\"https:\/\/schema.org\",\"@graph\":[{\"@type\":\"WebPage\",\"@id\":\"https:\/\/bandidostudio.com\/en\/product\/buna-pendant-x-andres-gutierrez\/\",\"url\":\"https:\/\/bandidostudio.com\/en\/product\/buna-pendant-x-andres-gutierrez\/\",\"name\":\"L\u00e1mpara Colgante | Buna x AG | Bandido Studio\",\"isPartOf\":{\"@id\":\"https:\/\/bandidostudio.com\/en\/#website\"},\"primaryImageOfPage\":{\"@id\":\"https:\/\/bandidostudio.com\/en\/product\/buna-pendant-x-andres-gutierrez\/#primaryimage\"},\"image\":{\"@id\":\"https:\/\/bandidostudio.com\/en\/product\/buna-pendant-x-andres-gutierrez\/#primaryimage\"},\"thumbnailUrl\":\"https:\/\/bandidostudio.com\/wp-content\/uploads\/2025\/05\/BUNA-A-G-lampara-colgante-acero-cepillado-productos-Bandido-1-copy.webp\",\"datePublished\":\"2023-10-02T16:50:03+00:00\",\"dateModified\":\"2026-03-25T00:32:52+00:00\",\"description\":\"BUNA x AG es el resultado de una colaboraci\u00f3n especial entre Bandido y Andr\u00e9s Guti\u00e9rrez.\",\"breadcrumb\":{\"@id\":\"https:\/\/bandidostudio.com\/en\/product\/buna-pendant-x-andres-gutierrez\/#breadcrumb\"},\"inLanguage\":\"en-US\",\"potentialAction\":[{\"@type\":\"ReadAction\",\"target\":[\"https:\/\/bandidostudio.com\/en\/product\/buna-pendant-x-andres-gutierrez\/\"]}]},{\"@type\":\"ImageObject\",\"inLanguage\":\"en-US\",\"@id\":\"https:\/\/bandidostudio.com\/en\/product\/buna-pendant-x-andres-gutierrez\/#primaryimage\",\"url\":\"https:\/\/bandidostudio.com\/wp-content\/uploads\/2025\/05\/BUNA-A-G-lampara-colgante-acero-cepillado-productos-Bandido-1-copy.webp\",\"contentUrl\":\"https:\/\/bandidostudio.com\/wp-content\/uploads\/2025\/05\/BUNA-A-G-lampara-colgante-acero-cepillado-productos-Bandido-1-copy.webp\",\"width\":1600,\"height\":2000},{\"@type\":\"BreadcrumbList\",\"@id\":\"https:\/\/bandidostudio.com\/en\/product\/buna-pendant-x-andres-gutierrez\/#breadcrumb\",\"itemListElement\":[{\"@type\":\"ListItem\",\"position\":1,\"name\":\"Inicio\",\"item\":\"https:\/\/bandidostudio.com\/en\/\"},{\"@type\":\"ListItem\",\"position\":2,\"name\":\"Shop\",\"item\":\"\/shop\/\"},{\"@type\":\"ListItem\",\"position\":3,\"name\":\"BUNA COLGANTE X ANDR\u00c9S GUTI\u00c9RREZ\"}]},{\"@type\":\"WebSite\",\"@id\":\"https:\/\/bandidostudio.com\/en\/#website\",\"url\":\"https:\/\/bandidostudio.com\/en\/\",\"name\":\"Bandido\",\"description\":\"Tienda online de l\u00e1mparas - Luminarias en M\u00e9xico\",\"publisher\":{\"@id\":\"https:\/\/bandidostudio.com\/en\/#organization\"},\"potentialAction\":[{\"@type\":\"SearchAction\",\"target\":{\"@type\":\"EntryPoint\",\"urlTemplate\":\"https:\/\/bandidostudio.com\/en\/?s={search_term_string}\"},\"query-input\":{\"@type\":\"PropertyValueSpecification\",\"valueRequired\":true,\"valueName\":\"search_term_string\"}}],\"inLanguage\":\"en-US\"},{\"@type\":\"Organization\",\"@id\":\"https:\/\/bandidostudio.com\/en\/#organization\",\"name\":\"Bandido Studio\",\"url\":\"https:\/\/bandidostudio.com\/en\/\",\"logo\":{\"@type\":\"ImageObject\",\"inLanguage\":\"en-US\",\"@id\":\"https:\/\/bandidostudio.com\/en\/#\/schema\/logo\/image\/\",\"url\":\"https:\/\/bandidostudio.com\/wp-content\/uploads\/2020\/12\/Logotipo-Bandido-05.png\",\"contentUrl\":\"https:\/\/bandidostudio.com\/wp-content\/uploads\/2020\/12\/Logotipo-Bandido-05.png\",\"width\":1000,\"height\":200,\"caption\":\"Bandido Studio\"},\"image\":{\"@id\":\"https:\/\/bandidostudio.com\/en\/#\/schema\/logo\/image\/\"},\"sameAs\":[\"https:\/\/www.facebook.com\/bandidostudio\/\"]}]}<\/script>\n<meta property=\"product:price:amount\" content=\"14990.00\" \/>\n<meta property=\"product:price:currency\" content=\"MXN\" \/>\n<meta property=\"og:availability\" content=\"instock\" \/>\n<meta property=\"product:availability\" content=\"instock\" \/>\n<meta property=\"product:retailer_item_id\" content=\"LC34-AG\" \/>\n<meta property=\"product:condition\" content=\"new\" \/>\n<!-- \/ Yoast SEO Premium plugin. -->","yoast_head_json":{"title":"L\u00e1mpara Colgante | Buna x AG | Bandido Studio","description":"BUNA x AG es el resultado de una colaboraci\u00f3n especial entre Bandido y Andr\u00e9s Guti\u00e9rrez.","robots":{"index":"index","follow":"follow","max-snippet":"max-snippet:-1","max-image-preview":"max-image-preview:large","max-video-preview":"max-video-preview:-1"},"canonical":"https:\/\/bandidostudio.com\/en\/product\/buna-pendant-x-andres-gutierrez\/","og_locale":"en_US","og_type":"article","og_title":"BUNA COLGANTE X ANDR\u00c9S GUTI\u00c9RREZ","og_description":"BUNA x AG es el resultado de una colaboraci\u00f3n especial entre Bandido y Andr\u00e9s Guti\u00e9rrez.","og_url":"https:\/\/bandidostudio.com\/en\/product\/buna-pendant-x-andres-gutierrez\/","og_site_name":"Bandido","article_publisher":"https:\/\/www.facebook.com\/bandidostudio\/","article_modified_time":"2026-03-25T00:32:52+00:00","og_image":[{"width":1600,"height":2000,"url":"https:\/\/bandidostudio.com\/wp-content\/uploads\/2025\/05\/BUNA-A-G-lampara-colgante-acero-cepillado-productos-Bandido-1-copy.webp","type":"image\/webp"}],"twitter_card":"summary_large_image","twitter_misc":{"Price":"&#36;14,990.00","Availability":"In stock"},"schema":{"@context":"https:\/\/schema.org","@graph":[{"@type":"WebPage","@id":"https:\/\/bandidostudio.com\/en\/product\/buna-pendant-x-andres-gutierrez\/","url":"https:\/\/bandidostudio.com\/en\/product\/buna-pendant-x-andres-gutierrez\/","name":"L\u00e1mpara Colgante | Buna x AG | Bandido Studio","isPartOf":{"@id":"https:\/\/bandidostudio.com\/en\/#website"},"primaryImageOfPage":{"@id":"https:\/\/bandidostudio.com\/en\/product\/buna-pendant-x-andres-gutierrez\/#primaryimage"},"image":{"@id":"https:\/\/bandidostudio.com\/en\/product\/buna-pendant-x-andres-gutierrez\/#primaryimage"},"thumbnailUrl":"https:\/\/bandidostudio.com\/wp-content\/uploads\/2025\/05\/BUNA-A-G-lampara-colgante-acero-cepillado-productos-Bandido-1-copy.webp","datePublished":"2023-10-02T16:50:03+00:00","dateModified":"2026-03-25T00:32:52+00:00","description":"BUNA x AG es el resultado de una colaboraci\u00f3n especial entre Bandido y Andr\u00e9s Guti\u00e9rrez.","breadcrumb":{"@id":"https:\/\/bandidostudio.com\/en\/product\/buna-pendant-x-andres-gutierrez\/#breadcrumb"},"inLanguage":"en-US","potentialAction":[{"@type":"ReadAction","target":["https:\/\/bandidostudio.com\/en\/product\/buna-pendant-x-andres-gutierrez\/"]}]},{"@type":"ImageObject","inLanguage":"en-US","@id":"https:\/\/bandidostudio.com\/en\/product\/buna-pendant-x-andres-gutierrez\/#primaryimage","url":"https:\/\/bandidostudio.com\/wp-content\/uploads\/2025\/05\/BUNA-A-G-lampara-colgante-acero-cepillado-productos-Bandido-1-copy.webp","contentUrl":"https:\/\/bandidostudio.com\/wp-content\/uploads\/2025\/05\/BUNA-A-G-lampara-colgante-acero-cepillado-productos-Bandido-1-copy.webp","width":1600,"height":2000},{"@type":"BreadcrumbList","@id":"https:\/\/bandidostudio.com\/en\/product\/buna-pendant-x-andres-gutierrez\/#breadcrumb","itemListElement":[{"@type":"ListItem","position":1,"name":"Inicio","item":"https:\/\/bandidostudio.com\/en\/"},{"@type":"ListItem","position":2,"name":"Shop","item":"\/shop\/"},{"@type":"ListItem","position":3,"name":"BUNA COLGANTE X ANDR\u00c9S GUTI\u00c9RREZ"}]},{"@type":"WebSite","@id":"https:\/\/bandidostudio.com\/en\/#website","url":"https:\/\/bandidostudio.com\/en\/","name":"Bandido","description":"Tienda online de l\u00e1mparas - Luminarias en M\u00e9xico","publisher":{"@id":"https:\/\/bandidostudio.com\/en\/#organization"},"potentialAction":[{"@type":"SearchAction","target":{"@type":"EntryPoint","urlTemplate":"https:\/\/bandidostudio.com\/en\/?s={search_term_string}"},"query-input":{"@type":"PropertyValueSpecification","valueRequired":true,"valueName":"search_term_string"}}],"inLanguage":"en-US"},{"@type":"Organization","@id":"https:\/\/bandidostudio.com\/en\/#organization","name":"Bandido Studio","url":"https:\/\/bandidostudio.com\/en\/","logo":{"@type":"ImageObject","inLanguage":"en-US","@id":"https:\/\/bandidostudio.com\/en\/#\/schema\/logo\/image\/","url":"https:\/\/bandidostudio.com\/wp-content\/uploads\/2020\/12\/Logotipo-Bandido-05.png","contentUrl":"https:\/\/bandidostudio.com\/wp-content\/uploads\/2020\/12\/Logotipo-Bandido-05.png","width":1000,"height":200,"caption":"Bandido Studio"},"image":{"@id":"https:\/\/bandidostudio.com\/en\/#\/schema\/logo\/image\/"},"sameAs":["https:\/\/www.facebook.com\/bandidostudio\/"]}]},"product_price_amount":"14990.00","product_price_currency":"MXN","og_availability":"instock","product_availability":"instock","product_retailer_item_id":"LC34-AG","product_condition":"new"},"_links":{"self":[{"href":"https:\/\/bandidostudio.com\/en\/wp-json\/wp\/v2\/product\/37113","targetHints":{"allow":["GET"]}}],"collection":[{"href":"https:\/\/bandidostudio.com\/en\/wp-json\/wp\/v2\/product"}],"about":[{"href":"https:\/\/bandidostudio.com\/en\/wp-json\/wp\/v2\/types\/product"}],"replies":[{"embeddable":true,"href":"https:\/\/bandidostudio.com\/en\/wp-json\/wp\/v2\/comments?post=37113"}],"wp:featuredmedia":[{"embeddable":true,"href":"https:\/\/bandidostudio.com\/en\/wp-json\/wp\/v2\/media\/37111"}],"wp:attachment":[{"href":"https:\/\/bandidostudio.com\/en\/wp-json\/wp\/v2\/media?parent=37113"}],"wp:term":[{"taxonomy":"product_brand","embeddable":true,"href":"https:\/\/bandidostudio.com\/en\/wp-json\/wp\/v2\/product_brand?post=37113"},{"taxonomy":"product_cat","embeddable":true,"href":"https:\/\/bandidostudio.com\/en\/wp-json\/wp\/v2\/product_cat?post=37113"},{"taxonomy":"product_tag","embeddable":true,"href":"https:\/\/bandidostudio.com\/en\/wp-json\/wp\/v2\/product_tag?post=37113"}],"curies":[{"name":"wp","href":"https:\/\/api.w.org\/{rel}","templated":true}]}}