

{"id":31776,"date":"2023-10-02T10:49:19","date_gmt":"2023-10-02T16:49:19","guid":{"rendered":"https:\/\/bandidostudio.com\/product\/buna-x-andres-gutierrez\/"},"modified":"2026-04-09T19:36:56","modified_gmt":"2026-04-10T01:36:56","slug":"buna-x-andres-gutierrez","status":"publish","type":"product","link":"https:\/\/bandidostudio.com\/en\/product\/buna-x-andres-gutierrez\/","title":{"rendered":"BUNA X ANDR\u00c9S GUTI\u00c9RREZ"},"content":{"rendered":"<p><span style=\"font-weight: 400;\"><strong>BUNA x A-G<\/strong> is the result of a special collaboration between Bandido and Andr\u00e9s Guti\u00e9rrez. The design retains the subtle curvature of the original BUNA shape, designed in 2019, reinterpreted with Andr\u00e9s&#8217; creative essence, which is evident in every detail, from the geometric shapes to the vibrant colors. <\/span><\/p>\n<p>Product designed by <strong><a>Bandido<\/a><\/strong> in collaboration with <strong>Andr\u00e9s Guti\u00e9rrez<\/strong><\/p>\n","protected":false},"excerpt":{"rendered":"<p><a href=\"https:\/\/bandidostudio.com\/wp-content\/uploads\/2024\/10\/BOOK-BUNA-x-A-G-1.pdf\" target=\"_blank\" rel=\"noopener\">Technical specs. and dimensions <\/a><\/p>\n<p><a href=\"\/wp-content\/uploads\/Documentos\/Instructivos\/EN\/INSTRUCTIONS_BUNA_X_AG_TABLE.pdf\" target=\"_blank\" rel=\"noopener\">Installation instructions<\/a><\/p>\n<p><a href=\"https:\/\/bandidostudio.com\/en\/materials-and-maintenance\/\" rel=\"noopener\">Maintenance<\/a><\/p>\n<p><a href=\"https:\/\/bandidostudio.com\/en\/downloads\/\" rel=\"noopener\">Downloads<\/a><br \/>\n<img fetchpriority=\"high\" decoding=\"async\" class=\"alignnone wp-image-9126 size-full\" src=\"http:\/\/bandidostudio.com\/wp-content\/uploads\/2025\/05\/BUNAxAG-Originario-Bandido-Studio-16.webp\" alt=\"The soft, elegant curves are inspired by the Buna Shimeji mushroom.\" width=\"1731\" height=\"360\" \/><\/p>\n","protected":false},"featured_media":31599,"comment_status":"open","ping_status":"closed","template":"","meta":{"_eb_attr":"","_joinchat":[]},"product_brand":[],"product_cat":[457,100],"product_tag":[419],"class_list":{"0":"post-31776","1":"product","2":"type-product","3":"status-publish","4":"has-post-thumbnail","6":"product_cat-end-of-series","7":"product_cat-04-table-lamps","8":"product_tag-producto-variable-en","9":"pa_tiempo-de-entrega-8-12-business-days","11":"first","12":"instock","13":"sale","14":"shipping-taxable","15":"purchasable","16":"product-type-variable","17":"has-default-attributes"},"yoast_head":"<!-- This site is optimized with the Yoast SEO Premium plugin v25.0 (Yoast SEO v25.0) - https:\/\/yoast.com\/wordpress\/plugins\/seo\/ -->\n<title>Table Lamp | Buna x AG | Bandido Studio<\/title>\n<meta name=\"description\" content=\"BUNA x AG is the result of a special collaboration between Bandido and Andr\u00e9s Guti\u00e9rrez.\" \/>\n<meta name=\"robots\" content=\"index, follow, max-snippet:-1, max-image-preview:large, max-video-preview:-1\" \/>\n<link rel=\"canonical\" href=\"https:\/\/bandidostudio.com\/en\/product\/buna-x-andres-gutierrez\/\" \/>\n<meta property=\"og:locale\" content=\"en_US\" \/>\n<meta property=\"og:type\" content=\"article\" \/>\n<meta property=\"og:title\" content=\"BUNA X ANDR\u00c9S GUTI\u00c9RREZ\" \/>\n<meta property=\"og:description\" content=\"BUNA x A-G is the result of a special collaboration between Bandido and Andr\u00e9s Guti\u00e9rrez. The design retains the subtle curvature of the original BUNA shape, designed in 2019, reinterpreted with Andr\u00e9s&#039; creative essence, which is evident in every detail, from the geometric shapes to the vibrant colors.\" \/>\n<meta property=\"og:url\" content=\"https:\/\/bandidostudio.com\/en\/product\/buna-x-andres-gutierrez\/\" \/>\n<meta property=\"og:site_name\" content=\"Bandido\" \/>\n<meta property=\"article:publisher\" content=\"https:\/\/www.facebook.com\/bandidostudio\/\" \/>\n<meta property=\"article:modified_time\" content=\"2026-04-10T01:36:56+00:00\" \/>\n<meta property=\"og:image\" content=\"https:\/\/bandidostudio.com\/wp-content\/uploads\/2025\/05\/Buna-A-G-lampara-de-mesa-Verde-Quetzal-Productos-Bandido-1-1.webp\" \/>\n\t<meta property=\"og:image:width\" content=\"1530\" \/>\n\t<meta property=\"og:image:height\" content=\"1920\" \/>\n\t<meta property=\"og:image:type\" content=\"image\/webp\" \/>\n<meta name=\"twitter:card\" content=\"summary_large_image\" \/>\n<meta name=\"twitter:label1\" content=\"Availability\" \/>\n\t<meta name=\"twitter:data1\" content=\"In stock\" \/>\n<script type=\"application\/ld+json\" class=\"yoast-schema-graph\">{\"@context\":\"https:\/\/schema.org\",\"@graph\":[{\"@type\":\"WebPage\",\"@id\":\"https:\/\/bandidostudio.com\/en\/product\/buna-x-andres-gutierrez\/\",\"url\":\"https:\/\/bandidostudio.com\/en\/product\/buna-x-andres-gutierrez\/\",\"name\":\"Table Lamp | Buna x AG | Bandido Studio\",\"isPartOf\":{\"@id\":\"https:\/\/bandidostudio.com\/en\/#website\"},\"primaryImageOfPage\":{\"@id\":\"https:\/\/bandidostudio.com\/en\/product\/buna-x-andres-gutierrez\/#primaryimage\"},\"image\":{\"@id\":\"https:\/\/bandidostudio.com\/en\/product\/buna-x-andres-gutierrez\/#primaryimage\"},\"thumbnailUrl\":\"https:\/\/bandidostudio.com\/wp-content\/uploads\/2025\/05\/Buna-A-G-lampara-de-mesa-Verde-Quetzal-Productos-Bandido-1-1.webp\",\"datePublished\":\"2023-10-02T16:49:19+00:00\",\"dateModified\":\"2026-04-10T01:36:56+00:00\",\"description\":\"BUNA x AG is the result of a special collaboration between Bandido and Andr\u00e9s Guti\u00e9rrez.\",\"breadcrumb\":{\"@id\":\"https:\/\/bandidostudio.com\/en\/product\/buna-x-andres-gutierrez\/#breadcrumb\"},\"inLanguage\":\"en-US\",\"potentialAction\":[{\"@type\":\"ReadAction\",\"target\":[\"https:\/\/bandidostudio.com\/en\/product\/buna-x-andres-gutierrez\/\"]}]},{\"@type\":\"ImageObject\",\"inLanguage\":\"en-US\",\"@id\":\"https:\/\/bandidostudio.com\/en\/product\/buna-x-andres-gutierrez\/#primaryimage\",\"url\":\"https:\/\/bandidostudio.com\/wp-content\/uploads\/2025\/05\/Buna-A-G-lampara-de-mesa-Verde-Quetzal-Productos-Bandido-1-1.webp\",\"contentUrl\":\"https:\/\/bandidostudio.com\/wp-content\/uploads\/2025\/05\/Buna-A-G-lampara-de-mesa-Verde-Quetzal-Productos-Bandido-1-1.webp\",\"width\":1530,\"height\":1920,\"caption\":\"BUNA table lamp designed by Bandido Studio M\u00e9xico x A-G\"},{\"@type\":\"BreadcrumbList\",\"@id\":\"https:\/\/bandidostudio.com\/en\/product\/buna-x-andres-gutierrez\/#breadcrumb\",\"itemListElement\":[{\"@type\":\"ListItem\",\"position\":1,\"name\":\"Inicio\",\"item\":\"\/\"},{\"@type\":\"ListItem\",\"position\":2,\"name\":\"Shop\",\"item\":\"\/shop\/\"},{\"@type\":\"ListItem\",\"position\":3,\"name\":\"BUNA X ANDR\u00c9S GUTI\u00c9RREZ\"}]},{\"@type\":\"WebSite\",\"@id\":\"https:\/\/bandidostudio.com\/en\/#website\",\"url\":\"https:\/\/bandidostudio.com\/en\/\",\"name\":\"Bandido\",\"description\":\"Tienda online de l\u00e1mparas - Luminarias en M\u00e9xico\",\"publisher\":{\"@id\":\"https:\/\/bandidostudio.com\/en\/#organization\"},\"potentialAction\":[{\"@type\":\"SearchAction\",\"target\":{\"@type\":\"EntryPoint\",\"urlTemplate\":\"https:\/\/bandidostudio.com\/en\/?s={search_term_string}\"},\"query-input\":{\"@type\":\"PropertyValueSpecification\",\"valueRequired\":true,\"valueName\":\"search_term_string\"}}],\"inLanguage\":\"en-US\"},{\"@type\":\"Organization\",\"@id\":\"https:\/\/bandidostudio.com\/en\/#organization\",\"name\":\"Bandido Studio\",\"url\":\"https:\/\/bandidostudio.com\/en\/\",\"logo\":{\"@type\":\"ImageObject\",\"inLanguage\":\"en-US\",\"@id\":\"https:\/\/bandidostudio.com\/en\/#\/schema\/logo\/image\/\",\"url\":\"https:\/\/bandidostudio.com\/wp-content\/uploads\/2020\/12\/Logotipo-Bandido-05.png\",\"contentUrl\":\"https:\/\/bandidostudio.com\/wp-content\/uploads\/2020\/12\/Logotipo-Bandido-05.png\",\"width\":1000,\"height\":200,\"caption\":\"Bandido Studio\"},\"image\":{\"@id\":\"https:\/\/bandidostudio.com\/en\/#\/schema\/logo\/image\/\"},\"sameAs\":[\"https:\/\/www.facebook.com\/bandidostudio\/\"]}]}<\/script>\n<meta property=\"og:availability\" content=\"instock\" \/>\n<meta property=\"product:availability\" content=\"instock\" \/>\n<meta property=\"product:condition\" content=\"new\" \/>\n<!-- \/ Yoast SEO Premium plugin. -->","yoast_head_json":{"title":"Table Lamp | Buna x AG | Bandido Studio","description":"BUNA x AG is the result of a special collaboration between Bandido and Andr\u00e9s Guti\u00e9rrez.","robots":{"index":"index","follow":"follow","max-snippet":"max-snippet:-1","max-image-preview":"max-image-preview:large","max-video-preview":"max-video-preview:-1"},"canonical":"https:\/\/bandidostudio.com\/en\/product\/buna-x-andres-gutierrez\/","og_locale":"en_US","og_type":"article","og_title":"BUNA X ANDR\u00c9S GUTI\u00c9RREZ","og_description":"BUNA x A-G is the result of a special collaboration between Bandido and Andr\u00e9s Guti\u00e9rrez. The design retains the subtle curvature of the original BUNA shape, designed in 2019, reinterpreted with Andr\u00e9s' creative essence, which is evident in every detail, from the geometric shapes to the vibrant colors.","og_url":"https:\/\/bandidostudio.com\/en\/product\/buna-x-andres-gutierrez\/","og_site_name":"Bandido","article_publisher":"https:\/\/www.facebook.com\/bandidostudio\/","article_modified_time":"2026-04-10T01:36:56+00:00","og_image":[{"width":1530,"height":1920,"url":"https:\/\/bandidostudio.com\/wp-content\/uploads\/2025\/05\/Buna-A-G-lampara-de-mesa-Verde-Quetzal-Productos-Bandido-1-1.webp","type":"image\/webp"}],"twitter_card":"summary_large_image","twitter_misc":{"Availability":"In stock"},"schema":{"@context":"https:\/\/schema.org","@graph":[{"@type":"WebPage","@id":"https:\/\/bandidostudio.com\/en\/product\/buna-x-andres-gutierrez\/","url":"https:\/\/bandidostudio.com\/en\/product\/buna-x-andres-gutierrez\/","name":"Table Lamp | Buna x AG | Bandido Studio","isPartOf":{"@id":"https:\/\/bandidostudio.com\/en\/#website"},"primaryImageOfPage":{"@id":"https:\/\/bandidostudio.com\/en\/product\/buna-x-andres-gutierrez\/#primaryimage"},"image":{"@id":"https:\/\/bandidostudio.com\/en\/product\/buna-x-andres-gutierrez\/#primaryimage"},"thumbnailUrl":"https:\/\/bandidostudio.com\/wp-content\/uploads\/2025\/05\/Buna-A-G-lampara-de-mesa-Verde-Quetzal-Productos-Bandido-1-1.webp","datePublished":"2023-10-02T16:49:19+00:00","dateModified":"2026-04-10T01:36:56+00:00","description":"BUNA x AG is the result of a special collaboration between Bandido and Andr\u00e9s Guti\u00e9rrez.","breadcrumb":{"@id":"https:\/\/bandidostudio.com\/en\/product\/buna-x-andres-gutierrez\/#breadcrumb"},"inLanguage":"en-US","potentialAction":[{"@type":"ReadAction","target":["https:\/\/bandidostudio.com\/en\/product\/buna-x-andres-gutierrez\/"]}]},{"@type":"ImageObject","inLanguage":"en-US","@id":"https:\/\/bandidostudio.com\/en\/product\/buna-x-andres-gutierrez\/#primaryimage","url":"https:\/\/bandidostudio.com\/wp-content\/uploads\/2025\/05\/Buna-A-G-lampara-de-mesa-Verde-Quetzal-Productos-Bandido-1-1.webp","contentUrl":"https:\/\/bandidostudio.com\/wp-content\/uploads\/2025\/05\/Buna-A-G-lampara-de-mesa-Verde-Quetzal-Productos-Bandido-1-1.webp","width":1530,"height":1920,"caption":"BUNA table lamp designed by Bandido Studio M\u00e9xico x A-G"},{"@type":"BreadcrumbList","@id":"https:\/\/bandidostudio.com\/en\/product\/buna-x-andres-gutierrez\/#breadcrumb","itemListElement":[{"@type":"ListItem","position":1,"name":"Inicio","item":"\/"},{"@type":"ListItem","position":2,"name":"Shop","item":"\/shop\/"},{"@type":"ListItem","position":3,"name":"BUNA X ANDR\u00c9S GUTI\u00c9RREZ"}]},{"@type":"WebSite","@id":"https:\/\/bandidostudio.com\/en\/#website","url":"https:\/\/bandidostudio.com\/en\/","name":"Bandido","description":"Tienda online de l\u00e1mparas - Luminarias en M\u00e9xico","publisher":{"@id":"https:\/\/bandidostudio.com\/en\/#organization"},"potentialAction":[{"@type":"SearchAction","target":{"@type":"EntryPoint","urlTemplate":"https:\/\/bandidostudio.com\/en\/?s={search_term_string}"},"query-input":{"@type":"PropertyValueSpecification","valueRequired":true,"valueName":"search_term_string"}}],"inLanguage":"en-US"},{"@type":"Organization","@id":"https:\/\/bandidostudio.com\/en\/#organization","name":"Bandido Studio","url":"https:\/\/bandidostudio.com\/en\/","logo":{"@type":"ImageObject","inLanguage":"en-US","@id":"https:\/\/bandidostudio.com\/en\/#\/schema\/logo\/image\/","url":"https:\/\/bandidostudio.com\/wp-content\/uploads\/2020\/12\/Logotipo-Bandido-05.png","contentUrl":"https:\/\/bandidostudio.com\/wp-content\/uploads\/2020\/12\/Logotipo-Bandido-05.png","width":1000,"height":200,"caption":"Bandido Studio"},"image":{"@id":"https:\/\/bandidostudio.com\/en\/#\/schema\/logo\/image\/"},"sameAs":["https:\/\/www.facebook.com\/bandidostudio\/"]}]},"og_availability":"instock","product_availability":"instock","product_condition":"new"},"_links":{"self":[{"href":"https:\/\/bandidostudio.com\/en\/wp-json\/wp\/v2\/product\/31776","targetHints":{"allow":["GET"]}}],"collection":[{"href":"https:\/\/bandidostudio.com\/en\/wp-json\/wp\/v2\/product"}],"about":[{"href":"https:\/\/bandidostudio.com\/en\/wp-json\/wp\/v2\/types\/product"}],"replies":[{"embeddable":true,"href":"https:\/\/bandidostudio.com\/en\/wp-json\/wp\/v2\/comments?post=31776"}],"wp:featuredmedia":[{"embeddable":true,"href":"https:\/\/bandidostudio.com\/en\/wp-json\/wp\/v2\/media\/31599"}],"wp:attachment":[{"href":"https:\/\/bandidostudio.com\/en\/wp-json\/wp\/v2\/media?parent=31776"}],"wp:term":[{"taxonomy":"product_brand","embeddable":true,"href":"https:\/\/bandidostudio.com\/en\/wp-json\/wp\/v2\/product_brand?post=31776"},{"taxonomy":"product_cat","embeddable":true,"href":"https:\/\/bandidostudio.com\/en\/wp-json\/wp\/v2\/product_cat?post=31776"},{"taxonomy":"product_tag","embeddable":true,"href":"https:\/\/bandidostudio.com\/en\/wp-json\/wp\/v2\/product_tag?post=31776"}],"curies":[{"name":"wp","href":"https:\/\/api.w.org\/{rel}","templated":true}]}}